{"id":1314,"date":"2021-01-01T12:36:34","date_gmt":"2021-01-01T09:36:34","guid":{"rendered":"https:\/\/altindereinsaat.com\/?page_id=1314"},"modified":"2021-01-01T13:02:57","modified_gmt":"2021-01-01T10:02:57","slug":"faaliyet-alanlari","status":"publish","type":"page","link":"https:\/\/altindereinsaat.com\/?page_id=1314","title":{"rendered":"FAAL\u0130YET ALANLARI"},"content":{"rendered":"<p>[vc_row][vc_column]<style type=\"text\/css\" data-type=\"the7_shortcodes-inline-css\">.portfolio-shortcode.portfolio-masonry-shortcode-id-7b3d36559678c30d138e9cb31055d7c2.dividers-on.classic-layout-list article {\n  padding-top: 0;\n}\n.portfolio-shortcode.portfolio-masonry-shortcode-id-7b3d36559678c30d138e9cb31055d7c2.dividers-on.classic-layout-list article:first-of-type {\n  margin-top: 0;\n  padding-top: 0;\n}\n.portfolio-shortcode.portfolio-masonry-shortcode-id-7b3d36559678c30d138e9cb31055d7c2.classic-layout-list.mode-list .post-entry-content {\n  width: calc(100% - );\n}\n.portfolio-shortcode.portfolio-masonry-shortcode-id-7b3d36559678c30d138e9cb31055d7c2.classic-layout-list.mode-list .no-img .post-entry-content {\n  width: 100%;\n}\n.portfolio-shortcode.portfolio-masonry-shortcode-id-7b3d36559678c30d138e9cb31055d7c2 .filter-bg-decoration .filter-categories a.act {\n  color: #fff;\n}\n.portfolio-shortcode.portfolio-masonry-shortcode-id-7b3d36559678c30d138e9cb31055d7c2:not(.mode-masonry) article:first-of-type,\n.portfolio-shortcode.portfolio-masonry-shortcode-id-7b3d36559678c30d138e9cb31055d7c2:not(.mode-masonry) article.visible.first {\n  margin-top: 0;\n}\n.portfolio-shortcode.portfolio-masonry-shortcode-id-7b3d36559678c30d138e9cb31055d7c2.dividers-on:not(.mode-masonry) article {\n  margin-top: 0;\n}\n.portfolio-shortcode.portfolio-masonry-shortcode-id-7b3d36559678c30d138e9cb31055d7c2.dividers-on:not(.mode-masonry) article:first-of-type,\n.portfolio-shortcode.portfolio-masonry-shortcode-id-7b3d36559678c30d138e9cb31055d7c2.dividers-on:not(.mode-masonry) article.visible.first {\n  margin-top: 0;\n  padding-top: 0;\n}\n.portfolio-shortcode.portfolio-masonry-shortcode-id-7b3d36559678c30d138e9cb31055d7c2.hover-scale article:after {\n  background: -webkit-linear-gradient();\n  background: linear-gradient();\n}\n.portfolio-shortcode.portfolio-masonry-shortcode-id-7b3d36559678c30d138e9cb31055d7c2.gradient-overlay-layout-list article {\n  border-radius: 0px;\n}\n.portfolio-shortcode.portfolio-masonry-shortcode-id-7b3d36559678c30d138e9cb31055d7c2 .post-thumbnail-wrap {\n  padding: 0px 0px 0px 0px;\n  border-radius: 0px;\n}\n.portfolio-shortcode.portfolio-masonry-shortcode-id-7b3d36559678c30d138e9cb31055d7c2 .post-thumbnail-wrap *,\n.portfolio-shortcode.portfolio-masonry-shortcode-id-7b3d36559678c30d138e9cb31055d7c2 .post-thumbnail-rollover:after {\n  border-radius: 0px;\n}\n.portfolio-shortcode.portfolio-masonry-shortcode-id-7b3d36559678c30d138e9cb31055d7c2.enable-bg-rollover .post-thumbnail-rollover:after {\n  background: -webkit-linear-gradient();\n  background: linear-gradient();\n}\n.bottom-overlap-layout-list.portfolio-shortcode.portfolio-masonry-shortcode-id-7b3d36559678c30d138e9cb31055d7c2 .project-links-container {\n  height: calc(100% - 100px);\n}\n.portfolio-shortcode.portfolio-masonry-shortcode-id-7b3d36559678c30d138e9cb31055d7c2 .project-links-container a {\n  width: 44px;\n  height: 44px;\n  line-height: 44px;\n  border-radius: 100px;\n  margin: 10px 5px 10px;\n}\n.content-rollover-layout-list:not(.content-align-center).portfolio-shortcode.portfolio-masonry-shortcode-id-7b3d36559678c30d138e9cb31055d7c2 .project-links-container a,\n.gradient-overlay-layout-list:not(.content-align-center).portfolio-shortcode.portfolio-masonry-shortcode-id-7b3d36559678c30d138e9cb31055d7c2 .project-links-container a {\n  margin: 10px 10px 10px 0;\n}\n.dt-icon-border-on.portfolio-shortcode.portfolio-masonry-shortcode-id-7b3d36559678c30d138e9cb31055d7c2 .project-links-container a:before {\n  border-width: 0px;\n  border-style: solid;\n}\n.dt-icon-hover-border-on.portfolio-shortcode.portfolio-masonry-shortcode-id-7b3d36559678c30d138e9cb31055d7c2 .project-links-container a:after {\n  border-width: 0px;\n  border-style: solid;\n}\n.dt-icon-bg-on.portfolio-shortcode.portfolio-masonry-shortcode-id-7b3d36559678c30d138e9cb31055d7c2 .project-links-container a:before {\n  background: rgba(255,255,255,0.3);\n  -webkit-box-shadow: none;\n  box-shadow: none;\n}\n.dt-icon-hover-bg-on.portfolio-shortcode.portfolio-masonry-shortcode-id-7b3d36559678c30d138e9cb31055d7c2 .project-links-container a:after {\n  background: rgba(255,255,255,0.5);\n  -webkit-box-shadow: none;\n  box-shadow: none;\n}\n.portfolio-shortcode.portfolio-masonry-shortcode-id-7b3d36559678c30d138e9cb31055d7c2 .project-links-container a > span:before {\n  font-size: 16px;\n  line-height: 44px;\n}\n.portfolio-shortcode.portfolio-masonry-shortcode-id-7b3d36559678c30d138e9cb31055d7c2 .project-links-container a:not(:hover) > span {\n  color: #ffffff;\n}\n.dt-icon-hover-off.portfolio-shortcode.portfolio-masonry-shortcode-id-7b3d36559678c30d138e9cb31055d7c2 .project-links-container a > span,\n.dt-icon-hover-off.portfolio-shortcode.portfolio-masonry-shortcode-id-7b3d36559678c30d138e9cb31055d7c2 .project-links-container a:hover > span {\n  color: #ffffff;\n}\n.dt-icon-hover-on.portfolio-shortcode.portfolio-masonry-shortcode-id-7b3d36559678c30d138e9cb31055d7c2 .project-links-container a:hover > span {\n  color: #ffffff;\n}\n.portfolio-shortcode.portfolio-masonry-shortcode-id-7b3d36559678c30d138e9cb31055d7c2 .entry-title,\n.portfolio-shortcode.portfolio-masonry-shortcode-id-7b3d36559678c30d138e9cb31055d7c2.owl-carousel .entry-title {\n  margin-bottom: 5px;\n  font-weight: bold;\n  text-transform: uppercase;\n}\n.portfolio-shortcode.portfolio-masonry-shortcode-id-7b3d36559678c30d138e9cb31055d7c2 .entry-meta {\n  margin-bottom: 15px;\n}\n.portfolio-shortcode.portfolio-masonry-shortcode-id-7b3d36559678c30d138e9cb31055d7c2 .portfolio-categories {\n  margin-bottom: 15px;\n}\n.portfolio-shortcode.portfolio-masonry-shortcode-id-7b3d36559678c30d138e9cb31055d7c2 .entry-excerpt {\n  margin-bottom: 5px;\n}\n.portfolio-shortcode.portfolio-masonry-shortcode-id-7b3d36559678c30d138e9cb31055d7c2:not(.centered-layout-list) .post-entry-content {\n  padding: 25px 30px 30px 30px;\n}\n.portfolio-shortcode.portfolio-masonry-shortcode-id-7b3d36559678c30d138e9cb31055d7c2:not(.centered-layout-list):not(.content-bg-on):not(.mode-list) .no-img .post-entry-content {\n  padding: 0;\n}\n.portfolio-shortcode.portfolio-masonry-shortcode-id-7b3d36559678c30d138e9cb31055d7c2.gradient-overlay-layout-list .post-entry-content {\n  border-radius: 0px;\n}\n@media screen and (max-width: ) {\n  .portfolio-shortcode.portfolio-masonry-shortcode-id-7b3d36559678c30d138e9cb31055d7c2 article {\n    -webkit-flex-flow: column nowrap;\n    -moz-flex-flow: column nowrap;\n    -ms-flex-flow: column nowrap;\n    flex-flow: column nowrap;\n    margin-top: 20px;\n  }\n  .portfolio-shortcode.portfolio-masonry-shortcode-id-7b3d36559678c30d138e9cb31055d7c2.dividers-on article {\n    border: none;\n  }\n  .portfolio-shortcode.portfolio-masonry-shortcode-id-7b3d36559678c30d138e9cb31055d7c2.content-bg-on.centered-layout-list article {\n    padding: 0;\n  }\n  #page .portfolio-shortcode.portfolio-masonry-shortcode-id-7b3d36559678c30d138e9cb31055d7c2 .post-thumbnail-wrap,\n  #page .portfolio-shortcode.portfolio-masonry-shortcode-id-7b3d36559678c30d138e9cb31055d7c2 .post-entry-content {\n    width: 100%;\n    margin: 0;\n    top: 0;\n  }\n  #page .portfolio-shortcode.portfolio-masonry-shortcode-id-7b3d36559678c30d138e9cb31055d7c2 .post-thumbnail-wrap {\n    padding: 0;\n  }\n  #page .portfolio-shortcode.portfolio-masonry-shortcode-id-7b3d36559678c30d138e9cb31055d7c2 .post-entry-content:after {\n    display: none;\n  }\n  #page .portfolio-shortcode.portfolio-masonry-shortcode-id-7b3d36559678c30d138e9cb31055d7c2 .project-even .post-thumbnail-wrap,\n  #page .portfolio-shortcode.portfolio-masonry-shortcode-id-7b3d36559678c30d138e9cb31055d7c2.centered-layout-list .post-thumbnail-wrap {\n    -webkit-order: 0;\n    -moz-order: 0;\n    -ms-flex-order: 0;\n    order: 0;\n  }\n  #page .portfolio-shortcode.portfolio-masonry-shortcode-id-7b3d36559678c30d138e9cb31055d7c2.centered-layout-list .post-entry-title-content {\n    -webkit-order: 1;\n    -moz-order: 1;\n    -ms-flex-order: 1;\n    order: 1;\n    width: 100%;\n    padding: 20px 20px 0;\n  }\n  #page .portfolio-shortcode.portfolio-masonry-shortcode-id-7b3d36559678c30d138e9cb31055d7c2.centered-layout-list .post-entry-content {\n    -webkit-order: 2;\n    -moz-order: 2;\n    -ms-flex-order: 2;\n    order: 2;\n    padding-top: 0;\n  }\n  #page .portfolio-shortcode.portfolio-masonry-shortcode-id-7b3d36559678c30d138e9cb31055d7c2 .post-entry-content {\n    padding: 20px;\n  }\n  #page .portfolio-shortcode.portfolio-masonry-shortcode-id-7b3d36559678c30d138e9cb31055d7c2 .entry-title {\n    margin: 3px 0 5px;\n    font-size: 20px;\n    line-height: 26px;\n  }\n  #page .portfolio-shortcode.portfolio-masonry-shortcode-id-7b3d36559678c30d138e9cb31055d7c2 .entry-meta {\n    margin: 5px 0 5px;\n  }\n  #page .portfolio-shortcode.portfolio-masonry-shortcode-id-7b3d36559678c30d138e9cb31055d7c2 .entry-excerpt {\n    margin: 15px 0 0;\n  }\n  #page .portfolio-shortcode.portfolio-masonry-shortcode-id-7b3d36559678c30d138e9cb31055d7c2 .post-details {\n    margin: 5px 0 10px;\n  }\n  #page .portfolio-shortcode.portfolio-masonry-shortcode-id-7b3d36559678c30d138e9cb31055d7c2 .post-details.details-type-link {\n    margin-bottom: 2px;\n  }\n}\n<\/style><div class=\"portfolio-shortcode portfolio-masonry-shortcode-id-7b3d36559678c30d138e9cb31055d7c2 mode-masonry classic-layout-list jquery-filter content-align-center dt-icon-bg-on dt-icon-border-on dt-icon-hover-on dt-icon-hover-border-on dt-icon-hover-bg-on quick-scale-img meta-info-off enable-bg-rollover resize-by-browser-width  loading-effect-fade-in description-under-image \" data-padding=\"15px\" data-cur-page=\"1\" data-post-limit=\"-1\" data-pagination-mode=\"none\" data-desktop-columns-num=\"2\" data-v-tablet-columns-num=\"2\" data-h-tablet-columns-num=\"2\" data-phone-columns-num=\"1\" data-width=\"0px\" data-columns=\"0\"><div class=\"iso-container\" ><div class=\"visible wf-cell iso-item\" data-post-id=\"1332\" data-date=\"2021-01-01T12:52:29+03:00\" data-name=\"Ah\u015fap \u0130malatlar\"><article class=\"post visible post-1332 dt_portfolio type-dt_portfolio status-publish has-post-thumbnail hentry dt_portfolio_category-faaliyet dt_portfolio_category-34\" data-name=\"Ah\u015fap \u0130malatlar\" data-date=\"2021-01-01T12:52:29+03:00\">\n\n<div class=\"post-thumbnail-wrap forward-post \">\n\t<div class=\"post-thumbnail\">\n\n\t\t<a href=\"https:\/\/altindereinsaat.com\/?dt_portfolio=ahsap-imalatlar\" class=\"post-thumbnail-rollover layzr-bg\" target=\"\"  aria-label=\"Post image\"><img loading=\"lazy\" decoding=\"async\" class=\"iso-lazy-load preload-me iso-lazy-load\" src=\"data:image\/svg+xml,%3Csvg%20xmlns%3D&#39;http%3A%2F%2Fwww.w3.org%2F2000%2Fsvg&#39;%20viewBox%3D&#39;0%200%20768%20768&#39;%2F%3E\" data-src=\"https:\/\/altindereinsaat.com\/wp-content\/uploads\/2020\/12\/seslikaya-korkuluk-768x768.jpg\" data-srcset=\"https:\/\/altindereinsaat.com\/wp-content\/uploads\/2020\/12\/seslikaya-korkuluk-768x768.jpg 768w, https:\/\/altindereinsaat.com\/wp-content\/uploads\/2020\/12\/seslikaya-korkuluk-1000x1000.jpg 1000w\" alt=\"\" title=\"seslikaya-korkuluk\" width=\"768\" height=\"768\"  \/><\/a>\n\t<\/div>\n<\/div>\n\n\n<div class=\"post-entry-content\">\n\n\t<h3 class=\"entry-title\">\n\t\t<a href=\"https:\/\/altindereinsaat.com\/?dt_portfolio=ahsap-imalatlar\" target=\"\" title=\"Ah\u015fap \u0130malatlar\" rel=\"bookmark\">Ah\u015fap \u0130malatlar<\/a>\n\t<\/h3>\n\n\t\n\t\n\t\n<\/div><\/article><\/div><div class=\"visible wf-cell iso-item\" data-post-id=\"1330\" data-date=\"2021-01-01T12:51:52+03:00\" data-name=\"\u00c7evre D\u00fczenleme ve Peyzaj\"><article class=\"post visible post-1330 dt_portfolio type-dt_portfolio status-publish has-post-thumbnail hentry dt_portfolio_category-faaliyet dt_portfolio_category-34\" data-name=\"\u00c7evre D\u00fczenleme ve Peyzaj\" data-date=\"2021-01-01T12:51:52+03:00\">\n\n<div class=\"post-thumbnail-wrap forward-post \">\n\t<div class=\"post-thumbnail\">\n\n\t\t<a href=\"https:\/\/altindereinsaat.com\/?dt_portfolio=cevre-duzenleme-ve-peyzaj\" class=\"post-thumbnail-rollover layzr-bg\" target=\"\"  aria-label=\"Post image\"><img loading=\"lazy\" decoding=\"async\" class=\"iso-lazy-load preload-me iso-lazy-load\" src=\"data:image\/svg+xml,%3Csvg%20xmlns%3D&#39;http%3A%2F%2Fwww.w3.org%2F2000%2Fsvg&#39;%20viewBox%3D&#39;0%200%20768%20768&#39;%2F%3E\" data-src=\"https:\/\/altindereinsaat.com\/wp-content\/uploads\/2021\/01\/cevre-kaplama-peyzaj-768x768.jpg\" data-srcset=\"https:\/\/altindereinsaat.com\/wp-content\/uploads\/2021\/01\/cevre-kaplama-peyzaj-768x768.jpg 768w, https:\/\/altindereinsaat.com\/wp-content\/uploads\/2021\/01\/cevre-kaplama-peyzaj-1000x1000.jpg 1000w\" alt=\"\" title=\"cevre-duzelneme-peyzaj\" width=\"768\" height=\"768\"  \/><\/a>\n\t<\/div>\n<\/div>\n\n\n<div class=\"post-entry-content\">\n\n\t<h3 class=\"entry-title\">\n\t\t<a href=\"https:\/\/altindereinsaat.com\/?dt_portfolio=cevre-duzenleme-ve-peyzaj\" target=\"\" title=\"\u00c7evre D\u00fczenleme ve Peyzaj\" rel=\"bookmark\">\u00c7evre D\u00fczenleme ve Peyzaj<\/a>\n\t<\/h3>\n\n\t\n\t\n\t\n<\/div><\/article><\/div><div class=\"visible wf-cell iso-item\" data-post-id=\"1328\" data-date=\"2021-01-01T12:50:01+03:00\" data-name=\"Alt Yap\u0131 \u0130\u015fleri\"><article class=\"post visible post-1328 dt_portfolio type-dt_portfolio status-publish has-post-thumbnail hentry dt_portfolio_category-faaliyet dt_portfolio_category-34\" data-name=\"Alt Yap\u0131 \u0130\u015fleri\" data-date=\"2021-01-01T12:50:01+03:00\">\n\n<div class=\"post-thumbnail-wrap forward-post \">\n\t<div class=\"post-thumbnail\">\n\n\t\t<a href=\"https:\/\/altindereinsaat.com\/?dt_portfolio=alt-yapi-isleri\" class=\"post-thumbnail-rollover layzr-bg\" target=\"\"  aria-label=\"Post image\"><img loading=\"lazy\" decoding=\"async\" class=\"iso-lazy-load preload-me iso-lazy-load\" src=\"data:image\/svg+xml,%3Csvg%20xmlns%3D&#39;http%3A%2F%2Fwww.w3.org%2F2000%2Fsvg&#39;%20viewBox%3D&#39;0%200%20768%20768&#39;%2F%3E\" data-src=\"https:\/\/altindereinsaat.com\/wp-content\/uploads\/2021\/01\/insaat-768x768.jpg\" data-srcset=\"https:\/\/altindereinsaat.com\/wp-content\/uploads\/2021\/01\/insaat-768x768.jpg 768w, https:\/\/altindereinsaat.com\/wp-content\/uploads\/2021\/01\/insaat-1000x1000.jpg 1000w\" alt=\"\" title=\"insaat\" width=\"768\" height=\"768\"  \/><\/a>\n\t<\/div>\n<\/div>\n\n\n<div class=\"post-entry-content\">\n\n\t<h3 class=\"entry-title\">\n\t\t<a href=\"https:\/\/altindereinsaat.com\/?dt_portfolio=alt-yapi-isleri\" target=\"\" title=\"Alt Yap\u0131 \u0130\u015fleri\" rel=\"bookmark\">Alt Yap\u0131 \u0130\u015fleri<\/a>\n\t<\/h3>\n\n\t\n\t\n\t\n<\/div><\/article><\/div><div class=\"visible wf-cell iso-item\" data-post-id=\"1326\" data-date=\"2021-01-01T12:49:20+03:00\" data-name=\"\u00dcst Yap\u0131 \u0130\u015fleri\"><article class=\"post visible post-1326 dt_portfolio type-dt_portfolio status-publish has-post-thumbnail hentry dt_portfolio_category-faaliyet dt_portfolio_category-34\" data-name=\"\u00dcst Yap\u0131 \u0130\u015fleri\" data-date=\"2021-01-01T12:49:20+03:00\">\n\n<div class=\"post-thumbnail-wrap forward-post \">\n\t<div class=\"post-thumbnail\">\n\n\t\t<a href=\"https:\/\/altindereinsaat.com\/?dt_portfolio=ust-yapi-isleri\" class=\"post-thumbnail-rollover layzr-bg\" target=\"\"  aria-label=\"Post image\"><img loading=\"lazy\" decoding=\"async\" class=\"iso-lazy-load preload-me iso-lazy-load\" src=\"data:image\/svg+xml,%3Csvg%20xmlns%3D&#39;http%3A%2F%2Fwww.w3.org%2F2000%2Fsvg&#39;%20viewBox%3D&#39;0%200%20768%20768&#39;%2F%3E\" data-src=\"https:\/\/altindereinsaat.com\/wp-content\/uploads\/2021\/01\/korkuluk-768x768.jpg\" data-srcset=\"https:\/\/altindereinsaat.com\/wp-content\/uploads\/2021\/01\/korkuluk-768x768.jpg 768w, https:\/\/altindereinsaat.com\/wp-content\/uploads\/2021\/01\/korkuluk-1000x1000.jpg 1000w\" alt=\"\" title=\"korkuluk\" width=\"768\" height=\"768\"  \/><\/a>\n\t<\/div>\n<\/div>\n\n\n<div class=\"post-entry-content\">\n\n\t<h3 class=\"entry-title\">\n\t\t<a href=\"https:\/\/altindereinsaat.com\/?dt_portfolio=ust-yapi-isleri\" target=\"\" title=\"\u00dcst Yap\u0131 \u0130\u015fleri\" rel=\"bookmark\">\u00dcst Yap\u0131 \u0130\u015fleri<\/a>\n\t<\/h3>\n\n\t\n\t\n\t\n<\/div><\/article><\/div><div class=\"visible wf-cell iso-item\" data-post-id=\"1324\" data-date=\"2021-01-01T12:48:17+03:00\" data-name=\"\u0130n\u015faat\"><article class=\"post visible post-1324 dt_portfolio type-dt_portfolio status-publish has-post-thumbnail hentry dt_portfolio_category-faaliyet dt_portfolio_category-34\" data-name=\"\u0130n\u015faat\" data-date=\"2021-01-01T12:48:17+03:00\">\n\n<div class=\"post-thumbnail-wrap forward-post \">\n\t<div class=\"post-thumbnail\">\n\n\t\t<a href=\"https:\/\/altindereinsaat.com\/?dt_portfolio=insaat\" class=\"post-thumbnail-rollover layzr-bg\" target=\"\"  aria-label=\"Post image\"><img loading=\"lazy\" decoding=\"async\" class=\"iso-lazy-load preload-me iso-lazy-load\" src=\"data:image\/svg+xml,%3Csvg%20xmlns%3D&#39;http%3A%2F%2Fwww.w3.org%2F2000%2Fsvg&#39;%20viewBox%3D&#39;0%200%20768%20768&#39;%2F%3E\" data-src=\"https:\/\/altindereinsaat.com\/wp-content\/uploads\/2021\/01\/ahsap-ev-768x768.jpg\" data-srcset=\"https:\/\/altindereinsaat.com\/wp-content\/uploads\/2021\/01\/ahsap-ev-768x768.jpg 768w, https:\/\/altindereinsaat.com\/wp-content\/uploads\/2021\/01\/ahsap-ev-1000x1000.jpg 1000w\" alt=\"\" title=\"ahsap-ev\" width=\"768\" height=\"768\"  \/><\/a>\n\t<\/div>\n<\/div>\n\n\n<div class=\"post-entry-content\">\n\n\t<h3 class=\"entry-title\">\n\t\t<a href=\"https:\/\/altindereinsaat.com\/?dt_portfolio=insaat\" target=\"\" title=\"\u0130n\u015faat\" rel=\"bookmark\">\u0130n\u015faat<\/a>\n\t<\/h3>\n\n\t\n\t\n\t\n<\/div><\/article><\/div><\/div><!-- iso-container|iso-grid --><\/div>[\/vc_column][\/vc_row]<\/p>\n","protected":false},"excerpt":{"rendered":"<p>[vc_row][vc_column][\/vc_column][\/vc_row]<\/p>\n","protected":false},"author":1,"featured_media":0,"parent":0,"menu_order":0,"comment_status":"closed","ping_status":"closed","template":"","meta":{"_mi_skip_tracking":false,"_monsterinsights_sitenote_active":false,"_monsterinsights_sitenote_note":"","_monsterinsights_sitenote_category":0,"footnotes":""},"class_list":["post-1314","page","type-page","status-publish","hentry","description-off"],"aioseo_notices":[],"_links":{"self":[{"href":"https:\/\/altindereinsaat.com\/index.php?rest_route=\/wp\/v2\/pages\/1314","targetHints":{"allow":["GET"]}}],"collection":[{"href":"https:\/\/altindereinsaat.com\/index.php?rest_route=\/wp\/v2\/pages"}],"about":[{"href":"https:\/\/altindereinsaat.com\/index.php?rest_route=\/wp\/v2\/types\/page"}],"author":[{"embeddable":true,"href":"https:\/\/altindereinsaat.com\/index.php?rest_route=\/wp\/v2\/users\/1"}],"replies":[{"embeddable":true,"href":"https:\/\/altindereinsaat.com\/index.php?rest_route=%2Fwp%2Fv2%2Fcomments&post=1314"}],"version-history":[{"count":17,"href":"https:\/\/altindereinsaat.com\/index.php?rest_route=\/wp\/v2\/pages\/1314\/revisions"}],"predecessor-version":[{"id":1343,"href":"https:\/\/altindereinsaat.com\/index.php?rest_route=\/wp\/v2\/pages\/1314\/revisions\/1343"}],"wp:attachment":[{"href":"https:\/\/altindereinsaat.com\/index.php?rest_route=%2Fwp%2Fv2%2Fmedia&parent=1314"}],"curies":[{"name":"wp","href":"https:\/\/api.w.org\/{rel}","templated":true}]}}